{"id":5255,"date":"2025-07-11T19:52:45","date_gmt":"2025-07-11T19:52:45","guid":{"rendered":"https:\/\/www.grupoconectar.com\/?page_id=5255"},"modified":"2025-08-05T19:43:01","modified_gmt":"2025-08-05T19:43:01","slug":"bess-battery-energy-storage-systems","status":"publish","type":"page","link":"https:\/\/wwwtst.grupoconectar.com\/en\/bess-battery-energy-storage-systems\/","title":{"rendered":"BESS (Battery Energy Storage Systems)"},"content":{"rendered":"<div data-elementor-type=\"wp-page\" data-elementor-id=\"5255\" class=\"elementor elementor-5255\" data-elementor-post-type=\"page\">\n\t\t\t\t\t\t<section class=\"elementor-section elementor-top-section elementor-element elementor-element-f63f8fe elementor-section-height-min-height elementor-section-stretched elementor-section-boxed elementor-section-height-default elementor-section-items-middle\" data-id=\"f63f8fe\" data-element_type=\"section\" data-settings=\"{&quot;stretch_section&quot;:&quot;section-stretched&quot;,&quot;background_background&quot;:&quot;classic&quot;}\">\n\t\t\t\t\t\t\t<div class=\"elementor-background-overlay\"><\/div>\n\t\t\t\t\t\t\t<div class=\"elementor-container elementor-column-gap-default\">\n\t\t\t\t\t<div class=\"elementor-column elementor-col-100 elementor-top-column elementor-element elementor-element-c4432e7\" data-id=\"c4432e7\" data-element_type=\"column\">\n\t\t\t<div class=\"elementor-widget-wrap elementor-element-populated\">\n\t\t\t\t\t\t<div class=\"elementor-element elementor-element-1634f35 elementor-widget__width-initial elementor-widget-mobile__width-initial elementor-widget elementor-widget-heading\" data-id=\"1634f35\" data-element_type=\"widget\" data-widget_type=\"heading.default\">\n\t\t\t\t<div class=\"elementor-widget-container\">\n\t\t\t\t\t<h2 class=\"elementor-heading-title elementor-size-default\">BESS (Battery Energy Storage Systems)<\/h2>\t\t\t\t<\/div>\n\t\t\t\t<\/div>\n\t\t\t\t<div class=\"elementor-element elementor-element-c6ce95b elementor-widget__width-initial elementor-widget-divider--view-line elementor-widget elementor-widget-divider\" data-id=\"c6ce95b\" data-element_type=\"widget\" data-widget_type=\"divider.default\">\n\t\t\t\t<div class=\"elementor-widget-container\">\n\t\t\t\t\t\t\t<div class=\"elementor-divider\">\n\t\t\t<span class=\"elementor-divider-separator\">\n\t\t\t\t\t\t<\/span>\n\t\t<\/div>\n\t\t\t\t\t\t<\/div>\n\t\t\t\t<\/div>\n\t\t\t\t\t<\/div>\n\t\t<\/div>\n\t\t\t\t\t<\/div>\n\t\t<\/section>\n\t\t\t\t<section class=\"elementor-section elementor-top-section elementor-element elementor-element-a104c54 elementor-section-boxed elementor-section-height-default elementor-section-height-default\" data-id=\"a104c54\" data-element_type=\"section\">\n\t\t\t\t\t\t<div class=\"elementor-container elementor-column-gap-default\">\n\t\t\t\t\t<div class=\"elementor-column elementor-col-100 elementor-top-column elementor-element elementor-element-b88e62b\" data-id=\"b88e62b\" data-element_type=\"column\">\n\t\t\t<div class=\"elementor-widget-wrap elementor-element-populated\">\n\t\t\t\t\t\t<div class=\"elementor-element elementor-element-1e3dde6 elementor-widget elementor-widget-text-editor\" data-id=\"1e3dde6\" data-element_type=\"widget\" data-widget_type=\"text-editor.default\">\n\t\t\t\t<div class=\"elementor-widget-container\">\n\t\t\t\t\t\t\t\t\t<p>Ten years ago, we embarked on a journey to develop efficient solutions for energy distributors, with a strong commitment to continuous training and the adoption of new technologies. Today, after years of dedication and strategic partnerships, we take another step forward in that direction.<\/p>\t\t\t\t\t\t\t\t<\/div>\n\t\t\t\t<\/div>\n\t\t\t\t\t<\/div>\n\t\t<\/div>\n\t\t\t\t\t<\/div>\n\t\t<\/section>\n\t\t\t\t<section class=\"elementor-section elementor-top-section elementor-element elementor-element-9aa6a48 elementor-section-height-min-height elementor-section-stretched elementor-section-boxed elementor-section-height-default elementor-section-items-middle\" data-id=\"9aa6a48\" data-element_type=\"section\" data-settings=\"{&quot;stretch_section&quot;:&quot;section-stretched&quot;,&quot;background_background&quot;:&quot;classic&quot;}\">\n\t\t\t\t\t\t<div class=\"elementor-container elementor-column-gap-default\">\n\t\t\t\t\t<div class=\"elementor-column elementor-col-100 elementor-top-column elementor-element elementor-element-4877eb5\" data-id=\"4877eb5\" data-element_type=\"column\">\n\t\t\t<div class=\"elementor-widget-wrap elementor-element-populated\">\n\t\t\t\t\t\t<div class=\"elementor-element elementor-element-61006d2 elementor-widget elementor-widget-heading\" data-id=\"61006d2\" data-element_type=\"widget\" data-widget_type=\"heading.default\">\n\t\t\t\t<div class=\"elementor-widget-container\">\n\t\t\t\t\t<h2 class=\"elementor-heading-title elementor-size-default\">Aplicaciones por sector<\/h2>\t\t\t\t<\/div>\n\t\t\t\t<\/div>\n\t\t\t\t<div class=\"elementor-element elementor-element-289b701 elementor-widget__width-initial elementor-widget-divider--view-line elementor-widget elementor-widget-divider\" data-id=\"289b701\" data-element_type=\"widget\" data-widget_type=\"divider.default\">\n\t\t\t\t<div class=\"elementor-widget-container\">\n\t\t\t\t\t\t\t<div class=\"elementor-divider\">\n\t\t\t<span class=\"elementor-divider-separator\">\n\t\t\t\t\t\t<\/span>\n\t\t<\/div>\n\t\t\t\t\t\t<\/div>\n\t\t\t\t<\/div>\n\t\t\t\t<div class=\"elementor-element elementor-element-7cdbc78 elementor-widget elementor-widget-heading\" data-id=\"7cdbc78\" data-element_type=\"widget\" data-widget_type=\"heading.default\">\n\t\t\t\t<div class=\"elementor-widget-container\">\n\t\t\t\t\t<h2 class=\"elementor-heading-title elementor-size-default\">Commercial and Industrial<\/h2>\t\t\t\t<\/div>\n\t\t\t\t<\/div>\n\t\t\t\t<div class=\"elementor-element elementor-element-e9aa726 elementor-widget elementor-widget-text-editor\" data-id=\"e9aa726\" data-element_type=\"widget\" data-widget_type=\"text-editor.default\">\n\t\t\t\t<div class=\"elementor-widget-container\">\n\t\t\t\t\t\t\t\t\t<ul style=\"color: #57574e; font-family: Poppins, sans-serif; letter-spacing: 0.32px;\"><li>Enables the use of renewable electricity in productive environments.<\/li><li>Ensures energy continuity through reliable backup systems.<\/li><li>Reduces electricity costs via peak\u2013off-peak price arbitrage strategies.<\/li><li>Supports active engagement in demand response programs.<\/li><\/ul>\t\t\t\t\t\t\t\t<\/div>\n\t\t\t\t<\/div>\n\t\t\t\t<div class=\"elementor-element elementor-element-aa92a16 elementor-widget__width-initial elementor-widget elementor-widget-heading\" data-id=\"aa92a16\" data-element_type=\"widget\" data-widget_type=\"heading.default\">\n\t\t\t\t<div class=\"elementor-widget-container\">\n\t\t\t\t\t<h2 class=\"elementor-heading-title elementor-size-default\">Grid and Transmission<\/h2>\t\t\t\t<\/div>\n\t\t\t\t<\/div>\n\t\t\t\t<div class=\"elementor-element elementor-element-974e836 elementor-widget elementor-widget-text-editor\" data-id=\"974e836\" data-element_type=\"widget\" data-widget_type=\"text-editor.default\">\n\t\t\t\t<div class=\"elementor-widget-container\">\n\t\t\t\t\t\t\t\t\t<ul style=\"color: #57574e; font-family: Poppins, sans-serif; letter-spacing: 0.32px;\"><li>Addresses specific operational requirements with efficient, cost-effective solutions.<\/li><li>Contributes to greater grid stability and enhanced flexibility.<\/li><li>Integrates multiple applications and services across the energy system.<\/li><\/ul>\t\t\t\t\t\t\t\t<\/div>\n\t\t\t\t<\/div>\n\t\t\t\t<div class=\"elementor-element elementor-element-9f6d875 elementor-widget__width-initial elementor-widget elementor-widget-heading\" data-id=\"9f6d875\" data-element_type=\"widget\" data-widget_type=\"heading.default\">\n\t\t\t\t<div class=\"elementor-widget-container\">\n\t\t\t\t\t<h2 class=\"elementor-heading-title elementor-size-default\">Solar and Wind Power Plants<\/h2>\t\t\t\t<\/div>\n\t\t\t\t<\/div>\n\t\t\t\t<div class=\"elementor-element elementor-element-ba6109a elementor-widget elementor-widget-text-editor\" data-id=\"ba6109a\" data-element_type=\"widget\" data-widget_type=\"text-editor.default\">\n\t\t\t\t<div class=\"elementor-widget-container\">\n\t\t\t\t\t\t\t\t\t<ul style=\"color: #57574e; font-family: Poppins, sans-serif; letter-spacing: 0.32px;\"><li>Expands renewable generation capacity with smart storage integration.<\/li><li>Allows peak shaving and valley filling to balance energy flow.<\/li><li>Provides dynamic operational support to complement intermittent generation.<\/li><li>Enables seamless, loss-free integration of renewable energy sources.<\/li><\/ul>\t\t\t\t\t\t\t\t<\/div>\n\t\t\t\t<\/div>\n\t\t\t\t\t<\/div>\n\t\t<\/div>\n\t\t\t\t\t<\/div>\n\t\t<\/section>\n\t\t\t\t<section class=\"elementor-section elementor-top-section elementor-element elementor-element-96d3c21 elementor-section-boxed elementor-section-height-default elementor-section-height-default\" data-id=\"96d3c21\" data-element_type=\"section\">\n\t\t\t\t\t\t<div class=\"elementor-container elementor-column-gap-default\">\n\t\t\t\t\t<div class=\"elementor-column elementor-col-100 elementor-top-column elementor-element elementor-element-d169172\" data-id=\"d169172\" data-element_type=\"column\">\n\t\t\t<div class=\"elementor-widget-wrap elementor-element-populated\">\n\t\t\t\t\t\t<div class=\"elementor-element elementor-element-e7eefbb elementor-widget elementor-widget-image\" data-id=\"e7eefbb\" data-element_type=\"widget\" data-widget_type=\"image.default\">\n\t\t\t\t<div class=\"elementor-widget-container\">\n\t\t\t\t\t\t\t\t\t\t\t\t\t\t\t<img fetchpriority=\"high\" decoding=\"async\" width=\"1019\" height=\"436\" src=\"https:\/\/wwwtst.grupoconectar.com\/wp-content\/uploads\/2025\/07\/Presentacion-almacenamiento-epec-24_04-PP-Final-1bbbb.jpeg\" class=\"attachment-large size-large wp-image-5262\" alt=\"\" srcset=\"https:\/\/wwwtst.grupoconectar.com\/wp-content\/uploads\/2025\/07\/Presentacion-almacenamiento-epec-24_04-PP-Final-1bbbb.jpeg 1019w, https:\/\/wwwtst.grupoconectar.com\/wp-content\/uploads\/2025\/07\/Presentacion-almacenamiento-epec-24_04-PP-Final-1bbbb-300x128.jpeg 300w, https:\/\/wwwtst.grupoconectar.com\/wp-content\/uploads\/2025\/07\/Presentacion-almacenamiento-epec-24_04-PP-Final-1bbbb-768x329.jpeg 768w, https:\/\/wwwtst.grupoconectar.com\/wp-content\/uploads\/2025\/07\/Presentacion-almacenamiento-epec-24_04-PP-Final-1bbbb-18x8.jpeg 18w\" sizes=\"(max-width: 1019px) 100vw, 1019px\" \/>\t\t\t\t\t\t\t\t\t\t\t\t\t\t\t<\/div>\n\t\t\t\t<\/div>\n\t\t\t\t\t<\/div>\n\t\t<\/div>\n\t\t\t\t\t<\/div>\n\t\t<\/section>\n\t\t\t\t<section class=\"elementor-section elementor-top-section elementor-element elementor-element-20698c8 elementor-section-boxed elementor-section-height-default elementor-section-height-default\" data-id=\"20698c8\" data-element_type=\"section\">\n\t\t\t\t\t\t<div class=\"elementor-container elementor-column-gap-default\">\n\t\t\t\t\t<div class=\"elementor-column elementor-col-100 elementor-top-column elementor-element elementor-element-66183b4\" data-id=\"66183b4\" data-element_type=\"column\">\n\t\t\t<div class=\"elementor-widget-wrap elementor-element-populated\">\n\t\t\t\t\t\t<div class=\"elementor-element elementor-element-00054d6 elementor-widget elementor-widget-heading\" data-id=\"00054d6\" data-element_type=\"widget\" data-widget_type=\"heading.default\">\n\t\t\t\t<div class=\"elementor-widget-container\">\n\t\t\t\t\t<h2 class=\"elementor-heading-title elementor-size-default\">Our value for you<\/h2>\t\t\t\t<\/div>\n\t\t\t\t<\/div>\n\t\t\t\t<div class=\"elementor-element elementor-element-5e48650 elementor-widget__width-initial elementor-widget-divider--view-line elementor-widget elementor-widget-divider\" data-id=\"5e48650\" data-element_type=\"widget\" data-widget_type=\"divider.default\">\n\t\t\t\t<div class=\"elementor-widget-container\">\n\t\t\t\t\t\t\t<div class=\"elementor-divider\">\n\t\t\t<span class=\"elementor-divider-separator\">\n\t\t\t\t\t\t<\/span>\n\t\t<\/div>\n\t\t\t\t\t\t<\/div>\n\t\t\t\t<\/div>\n\t\t\t\t<div class=\"elementor-element elementor-element-0b23369 elementor-widget elementor-widget-text-editor\" data-id=\"0b23369\" data-element_type=\"widget\" data-widget_type=\"text-editor.default\">\n\t\t\t\t<div class=\"elementor-widget-container\">\n\t\t\t\t\t\t\t\t\t<p>We provide end-to-end support throughout every stage of the project \u2014 from preliminary engineering to FAT and SAT testing.<br data-start=\"1638\" data-end=\"1641\" \/>Our service includes fast-response warranties, local spare part availability, long-term maintenance agreements, and training plans \u2014 ensuring safe, certified, and efficient operations.<\/p>\t\t\t\t\t\t\t\t<\/div>\n\t\t\t\t<\/div>\n\t\t\t\t\t<\/div>\n\t\t<\/div>\n\t\t\t\t\t<\/div>\n\t\t<\/section>\n\t\t\t\t<section class=\"elementor-section elementor-top-section elementor-element elementor-element-a74eef3 elementor-section-boxed elementor-section-height-default elementor-section-height-default\" data-id=\"a74eef3\" data-element_type=\"section\">\n\t\t\t\t\t\t<div class=\"elementor-container elementor-column-gap-default\">\n\t\t\t\t\t<div class=\"elementor-column elementor-col-100 elementor-top-column elementor-element elementor-element-05f94d5\" data-id=\"05f94d5\" data-element_type=\"column\">\n\t\t\t<div class=\"elementor-widget-wrap elementor-element-populated\">\n\t\t\t\t\t\t<div class=\"elementor-element elementor-element-954441a elementor-widget elementor-widget-heading\" data-id=\"954441a\" data-element_type=\"widget\" data-widget_type=\"heading.default\">\n\t\t\t\t<div class=\"elementor-widget-container\">\n\t\t\t\t\t<h2 class=\"elementor-heading-title elementor-size-default\">Advanced solutions<\/h2>\t\t\t\t<\/div>\n\t\t\t\t<\/div>\n\t\t\t\t<div class=\"elementor-element elementor-element-583af89 elementor-widget__width-initial elementor-widget-divider--view-line elementor-widget elementor-widget-divider\" data-id=\"583af89\" data-element_type=\"widget\" data-widget_type=\"divider.default\">\n\t\t\t\t<div class=\"elementor-widget-container\">\n\t\t\t\t\t\t\t<div class=\"elementor-divider\">\n\t\t\t<span class=\"elementor-divider-separator\">\n\t\t\t\t\t\t<\/span>\n\t\t<\/div>\n\t\t\t\t\t\t<\/div>\n\t\t\t\t<\/div>\n\t\t\t\t<div class=\"elementor-element elementor-element-ef45f28 elementor-widget elementor-widget-text-editor\" data-id=\"ef45f28\" data-element_type=\"widget\" data-widget_type=\"text-editor.default\">\n\t\t\t\t<div class=\"elementor-widget-container\">\n\t\t\t\t\t\t\t\t\t<p><span style=\"color: #57574e; font-family: Poppins, sans-serif; letter-spacing: 0.32px;\">A complete line of Energy Storage Systems (ESS) designed for industrial, commercial, and utility-scale applications.<br data-start=\"1986\" data-end=\"1989\" \/>From compact units to large-scale installations, our products incorporate conversion, control, and energy management technology. A scalable, reliable solution, adaptable to every need.\u00a0<\/span><\/p>\t\t\t\t\t\t\t\t<\/div>\n\t\t\t\t<\/div>\n\t\t\t\t<div class=\"elementor-element elementor-element-9691e6b elementor-arrows-position-inside elementor-pagination-position-outside elementor-widget elementor-widget-image-carousel\" data-id=\"9691e6b\" data-element_type=\"widget\" data-settings=\"{&quot;slides_to_show&quot;:&quot;2&quot;,&quot;slides_to_scroll&quot;:&quot;2&quot;,&quot;navigation&quot;:&quot;both&quot;,&quot;autoplay&quot;:&quot;yes&quot;,&quot;pause_on_hover&quot;:&quot;yes&quot;,&quot;pause_on_interaction&quot;:&quot;yes&quot;,&quot;autoplay_speed&quot;:5000,&quot;infinite&quot;:&quot;yes&quot;,&quot;speed&quot;:500}\" data-widget_type=\"image-carousel.default\">\n\t\t\t\t<div class=\"elementor-widget-container\">\n\t\t\t\t\t\t\t<div class=\"elementor-image-carousel-wrapper swiper\" role=\"region\" aria-roledescription=\"carousel\" aria-label=\"Carrusel de im\u00e1genes\" dir=\"ltr\">\n\t\t\t<div class=\"elementor-image-carousel swiper-wrapper\" aria-live=\"off\">\n\t\t\t\t\t\t\t\t<div class=\"swiper-slide\" role=\"group\" aria-roledescription=\"slide\" aria-label=\"1 of 6\" data-no-translation-aria-label=\"\"><figure class=\"swiper-slide-inner\"><img decoding=\"async\" class=\"swiper-slide-image\" src=\"https:\/\/wwwtst.grupoconectar.com\/wp-content\/uploads\/2025\/07\/Aqua-C1-3.7MWh-Aqua-C2.5-5MWh-300x174.jpeg\" alt=\"Aqua-C1 3.7MWh\" \/><figcaption class=\"elementor-image-carousel-caption\">Aqua-C1 3.7MWh<\/figcaption><\/figure><\/div><div class=\"swiper-slide\" role=\"group\" aria-roledescription=\"slide\" aria-label=\"2 of 6\" data-no-translation-aria-label=\"\"><figure class=\"swiper-slide-inner\"><img decoding=\"async\" class=\"swiper-slide-image\" src=\"https:\/\/wwwtst.grupoconectar.com\/wp-content\/uploads\/2025\/07\/Aqua-C2.5-5MWh-300x236.jpeg\" alt=\"Aqua-C2.5 5MWh\" \/><figcaption class=\"elementor-image-carousel-caption\">Aqua-C2.5 5MWh<\/figcaption><\/figure><\/div><div class=\"swiper-slide\" role=\"group\" aria-roledescription=\"slide\" aria-label=\"3 of 6\" data-no-translation-aria-label=\"\"><figure class=\"swiper-slide-inner\"><img decoding=\"async\" class=\"swiper-slide-image\" src=\"https:\/\/wwwtst.grupoconectar.com\/wp-content\/uploads\/2025\/07\/AquaE110kW233kWh.jpeg\" alt=\"Aqua-E 110kW\/233kWh\" \/><figcaption class=\"elementor-image-carousel-caption\">Aqua-E 110kW\/233kWh<\/figcaption><\/figure><\/div><div class=\"swiper-slide\" role=\"group\" aria-roledescription=\"slide\" aria-label=\"4 of 6\" data-no-translation-aria-label=\"\"><figure class=\"swiper-slide-inner\"><img decoding=\"async\" class=\"swiper-slide-image\" src=\"https:\/\/wwwtst.grupoconectar.com\/wp-content\/uploads\/2025\/07\/Aqua-E-200kW418kWh-\uff08under-developing.jpeg\" alt=\"Aqua-E 200kW\/418kWh\" \/><figcaption class=\"elementor-image-carousel-caption\">Aqua-E 200kW\/418kWh<\/figcaption><\/figure><\/div><div class=\"swiper-slide\" role=\"group\" aria-roledescription=\"slide\" aria-label=\"5 of 6\" data-no-translation-aria-label=\"\"><figure class=\"swiper-slide-inner\"><img decoding=\"async\" class=\"swiper-slide-image\" src=\"https:\/\/wwwtst.grupoconectar.com\/wp-content\/uploads\/2025\/07\/PCS-1.6MW-2MW-2.5MW.jpeg\" alt=\"PCS: 1.6MW\uff0c2MW\uff0c2.5MW\" \/><figcaption class=\"elementor-image-carousel-caption\">PCS: 1.6MW\uff0c2MW\uff0c2.5MW<\/figcaption><\/figure><\/div><div class=\"swiper-slide\" role=\"group\" aria-roledescription=\"slide\" aria-label=\"6 of 6\" data-no-translation-aria-label=\"\"><figure class=\"swiper-slide-inner\"><img decoding=\"async\" class=\"swiper-slide-image\" src=\"https:\/\/wwwtst.grupoconectar.com\/wp-content\/uploads\/2025\/07\/MV-PCS-Skid-3.2MW-4MW\uff0c-300x168.jpeg\" alt=\"MV-PCS Skid: 3.2MW\uff0c4MW\uff0c 5MVA\" \/><figcaption class=\"elementor-image-carousel-caption\">MV-PCS Skid: 3.2MW\uff0c4MW\uff0c 5MVA<\/figcaption><\/figure><\/div>\t\t\t<\/div>\n\t\t\t\t\t\t\t\t\t\t\t\t<div class=\"elementor-swiper-button elementor-swiper-button-prev\" role=\"button\" tabindex=\"0\">\n\t\t\t\t\t\t<i aria-hidden=\"true\" class=\"eicon-chevron-left\"><\/i>\t\t\t\t\t<\/div>\n\t\t\t\t\t<div class=\"elementor-swiper-button elementor-swiper-button-next\" role=\"button\" tabindex=\"0\">\n\t\t\t\t\t\t<i aria-hidden=\"true\" class=\"eicon-chevron-right\"><\/i>\t\t\t\t\t<\/div>\n\t\t\t\t\n\t\t\t\t\t\t\t\t\t<div class=\"swiper-pagination\"><\/div>\n\t\t\t\t\t\t\t\t\t<\/div>\n\t\t\t\t\t\t<\/div>\n\t\t\t\t<\/div>\n\t\t\t\t\t<\/div>\n\t\t<\/div>\n\t\t\t\t\t<\/div>\n\t\t<\/section>\n\t\t\t\t<\/div>","protected":false},"excerpt":{"rendered":"<p>BESS (Battery Energy Storage Systems) Hace diez a\u00f1os iniciamos este camino con el objetivo de desarrollar soluciones eficientes para distribuidoras de energ\u00eda, apostando a la capacitaci\u00f3n continua y la incorporaci\u00f3n<span class=\"more-dots\">&#8230;<\/span><\/p>","protected":false},"author":8,"featured_media":0,"parent":0,"menu_order":0,"comment_status":"closed","ping_status":"closed","template":"","meta":{"footnotes":""},"class_list":["post-5255","page","type-page","status-publish","hentry","no-post-thumbnail"],"_links":{"self":[{"href":"https:\/\/wwwtst.grupoconectar.com\/en\/wp-json\/wp\/v2\/pages\/5255","targetHints":{"allow":["GET"]}}],"collection":[{"href":"https:\/\/wwwtst.grupoconectar.com\/en\/wp-json\/wp\/v2\/pages"}],"about":[{"href":"https:\/\/wwwtst.grupoconectar.com\/en\/wp-json\/wp\/v2\/types\/page"}],"author":[{"embeddable":true,"href":"https:\/\/wwwtst.grupoconectar.com\/en\/wp-json\/wp\/v2\/users\/8"}],"replies":[{"embeddable":true,"href":"https:\/\/wwwtst.grupoconectar.com\/en\/wp-json\/wp\/v2\/comments?post=5255"}],"version-history":[{"count":67,"href":"https:\/\/wwwtst.grupoconectar.com\/en\/wp-json\/wp\/v2\/pages\/5255\/revisions"}],"predecessor-version":[{"id":5398,"href":"https:\/\/wwwtst.grupoconectar.com\/en\/wp-json\/wp\/v2\/pages\/5255\/revisions\/5398"}],"wp:attachment":[{"href":"https:\/\/wwwtst.grupoconectar.com\/en\/wp-json\/wp\/v2\/media?parent=5255"}],"curies":[{"name":"wp","href":"https:\/\/api.w.org\/{rel}","templated":true}]}}