{"id":5355,"date":"2025-08-04T18:42:12","date_gmt":"2025-08-04T18:42:12","guid":{"rendered":"https:\/\/wwwtst.grupoconectar.com\/?page_id=5355"},"modified":"2025-08-19T18:08:20","modified_gmt":"2025-08-19T18:08:20","slug":"desarrollo-de-obras","status":"publish","type":"page","link":"https:\/\/wwwtst.grupoconectar.com\/en\/desarrollo-de-obras\/","title":{"rendered":"OBRAS"},"content":{"rendered":"<div data-elementor-type=\"wp-page\" data-elementor-id=\"5355\" class=\"elementor elementor-5355\" data-elementor-post-type=\"page\">\n\t\t\t\t\t\t<section class=\"elementor-section elementor-top-section elementor-element elementor-element-f63f8fe elementor-section-height-min-height elementor-section-stretched elementor-section-boxed elementor-section-height-default elementor-section-items-middle\" data-id=\"f63f8fe\" data-element_type=\"section\" data-settings=\"{&quot;stretch_section&quot;:&quot;section-stretched&quot;,&quot;background_background&quot;:&quot;classic&quot;}\">\n\t\t\t\t\t\t\t<div class=\"elementor-background-overlay\"><\/div>\n\t\t\t\t\t\t\t<div class=\"elementor-container elementor-column-gap-default\">\n\t\t\t\t\t<div class=\"elementor-column elementor-col-100 elementor-top-column elementor-element elementor-element-c4432e7\" data-id=\"c4432e7\" data-element_type=\"column\">\n\t\t\t<div class=\"elementor-widget-wrap elementor-element-populated\">\n\t\t\t\t\t\t<div class=\"elementor-element elementor-element-1634f35 elementor-widget__width-initial elementor-widget-mobile__width-initial elementor-widget elementor-widget-heading\" data-id=\"1634f35\" data-element_type=\"widget\" data-widget_type=\"heading.default\">\n\t\t\t\t<div class=\"elementor-widget-container\">\n\t\t\t\t\t<h2 class=\"elementor-heading-title elementor-size-default\">Projects <\/h2>\t\t\t\t<\/div>\n\t\t\t\t<\/div>\n\t\t\t\t<div class=\"elementor-element elementor-element-c6ce95b elementor-widget__width-initial elementor-widget-divider--view-line elementor-widget elementor-widget-divider\" data-id=\"c6ce95b\" data-element_type=\"widget\" data-widget_type=\"divider.default\">\n\t\t\t\t<div class=\"elementor-widget-container\">\n\t\t\t\t\t\t\t<div class=\"elementor-divider\">\n\t\t\t<span class=\"elementor-divider-separator\">\n\t\t\t\t\t\t<\/span>\n\t\t<\/div>\n\t\t\t\t\t\t<\/div>\n\t\t\t\t<\/div>\n\t\t\t\t\t<\/div>\n\t\t<\/div>\n\t\t\t\t\t<\/div>\n\t\t<\/section>\n\t\t\t\t<section class=\"elementor-section elementor-top-section elementor-element elementor-element-a104c54 elementor-section-boxed elementor-section-height-default elementor-section-height-default\" data-id=\"a104c54\" data-element_type=\"section\">\n\t\t\t\t\t\t<div class=\"elementor-container elementor-column-gap-default\">\n\t\t\t\t\t<div class=\"elementor-column elementor-col-100 elementor-top-column elementor-element elementor-element-b88e62b\" data-id=\"b88e62b\" data-element_type=\"column\">\n\t\t\t<div class=\"elementor-widget-wrap elementor-element-populated\">\n\t\t\t\t\t\t<div class=\"elementor-element elementor-element-1e3dde6 elementor-widget elementor-widget-text-editor\" data-id=\"1e3dde6\" data-element_type=\"widget\" data-widget_type=\"text-editor.default\">\n\t\t\t\t<div class=\"elementor-widget-container\">\n\t\t\t\t\t\t\t\t\t<p data-start=\"353\" data-end=\"749\">At Grupo Conectar, we specialize in the execution of electromechanical, industrial, and civil projects in both the public and private sectors. We carry out works that strengthen the country\u2019s energy infrastructure, offering services that span from engineering and construction to operation, maintenance, and after-sales support \u2014 ensuring continuity and quality at every stage.<\/p>\t\t\t\t\t\t\t\t<\/div>\n\t\t\t\t<\/div>\n\t\t\t\t\t<\/div>\n\t\t<\/div>\n\t\t\t\t\t<\/div>\n\t\t<\/section>\n\t\t\t\t<section class=\"elementor-section elementor-top-section elementor-element elementor-element-24d3596 elementor-section-boxed elementor-section-height-default elementor-section-height-default\" data-id=\"24d3596\" data-element_type=\"section\">\n\t\t\t\t\t\t<div class=\"elementor-container elementor-column-gap-default\">\n\t\t\t\t\t<div class=\"elementor-column elementor-col-33 elementor-top-column elementor-element elementor-element-230747c\" data-id=\"230747c\" data-element_type=\"column\">\n\t\t\t<div class=\"elementor-widget-wrap elementor-element-populated\">\n\t\t\t\t\t\t<div class=\"elementor-element elementor-element-fb1191f elementor-align-center elementor-widget elementor-widget-button\" data-id=\"fb1191f\" data-element_type=\"widget\" data-widget_type=\"button.default\">\n\t\t\t\t<div class=\"elementor-widget-container\">\n\t\t\t\t\t\t\t\t\t<div class=\"elementor-button-wrapper\">\n\t\t\t\t\t<a class=\"elementor-button elementor-button-link elementor-size-sm\" href=\"#obras\">\n\t\t\t\t\t\t<span class=\"elementor-button-content-wrapper\">\n\t\t\t\t\t\t\t\t\t<span class=\"elementor-button-text\">Electromechanical works<\/span>\n\t\t\t\t\t<\/span>\n\t\t\t\t\t<\/a>\n\t\t\t\t<\/div>\n\t\t\t\t\t\t\t\t<\/div>\n\t\t\t\t<\/div>\n\t\t\t\t<div class=\"elementor-element elementor-element-84bc4a5 elementor-widget elementor-widget-image\" data-id=\"84bc4a5\" data-element_type=\"widget\" data-widget_type=\"image.default\">\n\t\t\t\t<div class=\"elementor-widget-container\">\n\t\t\t\t\t\t\t\t\t\t\t\t\t\t\t<img fetchpriority=\"high\" decoding=\"async\" width=\"772\" height=\"772\" src=\"https:\/\/wwwtst.grupoconectar.com\/wp-content\/uploads\/2025\/08\/WhatsApp-Image-2024-04-03-at-12.21.26-PM.jpeg\" class=\"attachment-large size-large wp-image-5622\" alt=\"\" srcset=\"https:\/\/wwwtst.grupoconectar.com\/wp-content\/uploads\/2025\/08\/WhatsApp-Image-2024-04-03-at-12.21.26-PM.jpeg 772w, https:\/\/wwwtst.grupoconectar.com\/wp-content\/uploads\/2025\/08\/WhatsApp-Image-2024-04-03-at-12.21.26-PM-300x300.jpeg 300w, https:\/\/wwwtst.grupoconectar.com\/wp-content\/uploads\/2025\/08\/WhatsApp-Image-2024-04-03-at-12.21.26-PM-150x150.jpeg 150w, https:\/\/wwwtst.grupoconectar.com\/wp-content\/uploads\/2025\/08\/WhatsApp-Image-2024-04-03-at-12.21.26-PM-768x768.jpeg 768w, https:\/\/wwwtst.grupoconectar.com\/wp-content\/uploads\/2025\/08\/WhatsApp-Image-2024-04-03-at-12.21.26-PM-12x12.jpeg 12w\" sizes=\"(max-width: 772px) 100vw, 772px\" \/>\t\t\t\t\t\t\t\t\t\t\t\t\t\t\t<\/div>\n\t\t\t\t<\/div>\n\t\t\t\t\t<\/div>\n\t\t<\/div>\n\t\t\t\t<div class=\"elementor-column elementor-col-33 elementor-top-column elementor-element elementor-element-e32bc8e\" data-id=\"e32bc8e\" data-element_type=\"column\">\n\t\t\t<div class=\"elementor-widget-wrap elementor-element-populated\">\n\t\t\t\t\t\t<div class=\"elementor-element elementor-element-eabf4fb elementor-align-center elementor-widget elementor-widget-button\" data-id=\"eabf4fb\" data-element_type=\"widget\" data-widget_type=\"button.default\">\n\t\t\t\t<div class=\"elementor-widget-container\">\n\t\t\t\t\t\t\t\t\t<div class=\"elementor-button-wrapper\">\n\t\t\t\t\t<a class=\"elementor-button elementor-button-link elementor-size-sm\" href=\"#mantenimiento\">\n\t\t\t\t\t\t<span class=\"elementor-button-content-wrapper\">\n\t\t\t\t\t\t\t\t\t<span class=\"elementor-button-text\">Power line maintenance<\/span>\n\t\t\t\t\t<\/span>\n\t\t\t\t\t<\/a>\n\t\t\t\t<\/div>\n\t\t\t\t\t\t\t\t<\/div>\n\t\t\t\t<\/div>\n\t\t\t\t<div class=\"elementor-element elementor-element-7eb2172 elementor-widget elementor-widget-image\" data-id=\"7eb2172\" data-element_type=\"widget\" data-widget_type=\"image.default\">\n\t\t\t\t<div class=\"elementor-widget-container\">\n\t\t\t\t\t\t\t\t\t\t\t\t\t\t\t<img decoding=\"async\" width=\"1024\" height=\"1024\" src=\"https:\/\/wwwtst.grupoconectar.com\/wp-content\/uploads\/2025\/08\/3-1024x1024.png\" class=\"attachment-large size-large wp-image-5633\" alt=\"\" srcset=\"https:\/\/wwwtst.grupoconectar.com\/wp-content\/uploads\/2025\/08\/3-1024x1024.png 1024w, https:\/\/wwwtst.grupoconectar.com\/wp-content\/uploads\/2025\/08\/3-300x300.png 300w, https:\/\/wwwtst.grupoconectar.com\/wp-content\/uploads\/2025\/08\/3-150x150.png 150w, https:\/\/wwwtst.grupoconectar.com\/wp-content\/uploads\/2025\/08\/3-768x768.png 768w, https:\/\/wwwtst.grupoconectar.com\/wp-content\/uploads\/2025\/08\/3-12x12.png 12w, https:\/\/wwwtst.grupoconectar.com\/wp-content\/uploads\/2025\/08\/3-855x855.png 855w, https:\/\/wwwtst.grupoconectar.com\/wp-content\/uploads\/2025\/08\/3-800x800.png 800w, https:\/\/wwwtst.grupoconectar.com\/wp-content\/uploads\/2025\/08\/3.png 1080w\" sizes=\"(max-width: 1024px) 100vw, 1024px\" \/>\t\t\t\t\t\t\t\t\t\t\t\t\t\t\t<\/div>\n\t\t\t\t<\/div>\n\t\t\t\t\t<\/div>\n\t\t<\/div>\n\t\t\t\t<div class=\"elementor-column elementor-col-33 elementor-top-column elementor-element elementor-element-b750151\" data-id=\"b750151\" data-element_type=\"column\">\n\t\t\t<div class=\"elementor-widget-wrap elementor-element-populated\">\n\t\t\t\t\t\t<div class=\"elementor-element elementor-element-7318739 elementor-align-center elementor-widget__width-inherit elementor-widget elementor-widget-button\" data-id=\"7318739\" data-element_type=\"widget\" data-widget_type=\"button.default\">\n\t\t\t\t<div class=\"elementor-widget-container\">\n\t\t\t\t\t\t\t\t\t<div class=\"elementor-button-wrapper\">\n\t\t\t\t\t<a class=\"elementor-button elementor-button-link elementor-size-sm\" href=\"#infraestructura\">\n\t\t\t\t\t\t<span class=\"elementor-button-content-wrapper\">\n\t\t\t\t\t\t\t\t\t<span class=\"elementor-button-text\">Infraestructura urbana<\/span>\n\t\t\t\t\t<\/span>\n\t\t\t\t\t<\/a>\n\t\t\t\t<\/div>\n\t\t\t\t\t\t\t\t<\/div>\n\t\t\t\t<\/div>\n\t\t\t\t<div class=\"elementor-element elementor-element-9dbf2ad elementor-widget elementor-widget-image\" data-id=\"9dbf2ad\" data-element_type=\"widget\" data-widget_type=\"image.default\">\n\t\t\t\t<div class=\"elementor-widget-container\">\n\t\t\t\t\t\t\t\t\t\t\t\t\t\t\t<img decoding=\"async\" width=\"840\" height=\"840\" src=\"https:\/\/wwwtst.grupoconectar.com\/wp-content\/uploads\/2025\/08\/WhatsApp-Image-2024-03-21-at-10.03.14-1.png\" class=\"attachment-large size-large wp-image-5621\" alt=\"\" srcset=\"https:\/\/wwwtst.grupoconectar.com\/wp-content\/uploads\/2025\/08\/WhatsApp-Image-2024-03-21-at-10.03.14-1.png 840w, https:\/\/wwwtst.grupoconectar.com\/wp-content\/uploads\/2025\/08\/WhatsApp-Image-2024-03-21-at-10.03.14-1-300x300.png 300w, https:\/\/wwwtst.grupoconectar.com\/wp-content\/uploads\/2025\/08\/WhatsApp-Image-2024-03-21-at-10.03.14-1-150x150.png 150w, https:\/\/wwwtst.grupoconectar.com\/wp-content\/uploads\/2025\/08\/WhatsApp-Image-2024-03-21-at-10.03.14-1-768x768.png 768w, https:\/\/wwwtst.grupoconectar.com\/wp-content\/uploads\/2025\/08\/WhatsApp-Image-2024-03-21-at-10.03.14-1-12x12.png 12w, https:\/\/wwwtst.grupoconectar.com\/wp-content\/uploads\/2025\/08\/WhatsApp-Image-2024-03-21-at-10.03.14-1-800x800.png 800w\" sizes=\"(max-width: 840px) 100vw, 840px\" \/>\t\t\t\t\t\t\t\t\t\t\t\t\t\t\t<\/div>\n\t\t\t\t<\/div>\n\t\t\t\t\t<\/div>\n\t\t<\/div>\n\t\t\t\t\t<\/div>\n\t\t<\/section>\n\t\t\t\t<section class=\"elementor-section elementor-top-section elementor-element elementor-element-9aa6a48 elementor-section-height-min-height elementor-section-stretched elementor-section-boxed elementor-section-height-default elementor-section-items-middle\" data-id=\"9aa6a48\" data-element_type=\"section\" id=\"obras\" data-settings=\"{&quot;stretch_section&quot;:&quot;section-stretched&quot;,&quot;background_background&quot;:&quot;classic&quot;}\">\n\t\t\t\t\t\t<div class=\"elementor-container elementor-column-gap-default\">\n\t\t\t\t\t<div class=\"elementor-column elementor-col-100 elementor-top-column elementor-element elementor-element-4877eb5\" data-id=\"4877eb5\" data-element_type=\"column\">\n\t\t\t<div class=\"elementor-widget-wrap elementor-element-populated\">\n\t\t\t\t\t\t<div class=\"elementor-element elementor-element-61006d2 elementor-widget elementor-widget-heading\" data-id=\"61006d2\" data-element_type=\"widget\" data-widget_type=\"heading.default\">\n\t\t\t\t<div class=\"elementor-widget-container\">\n\t\t\t\t\t<h2 class=\"elementor-heading-title elementor-size-default\">Electromechanical works<\/h2>\t\t\t\t<\/div>\n\t\t\t\t<\/div>\n\t\t\t\t<div class=\"elementor-element elementor-element-289b701 elementor-widget__width-initial elementor-widget-divider--view-line elementor-widget elementor-widget-divider\" data-id=\"289b701\" data-element_type=\"widget\" data-widget_type=\"divider.default\">\n\t\t\t\t<div class=\"elementor-widget-container\">\n\t\t\t\t\t\t\t<div class=\"elementor-divider\">\n\t\t\t<span class=\"elementor-divider-separator\">\n\t\t\t\t\t\t<\/span>\n\t\t<\/div>\n\t\t\t\t\t\t<\/div>\n\t\t\t\t<\/div>\n\t\t\t\t<div class=\"elementor-element elementor-element-e9aa726 elementor-widget elementor-widget-text-editor\" data-id=\"e9aa726\" data-element_type=\"widget\" data-widget_type=\"text-editor.default\">\n\t\t\t\t<div class=\"elementor-widget-container\">\n\t\t\t\t\t\t\t\t\t<ul><li><strong>Engineering design and execution of electrical works<\/strong><br \/>Development of projects from initial stages to turnkey solutions, including high, medium, and low voltage installations.<\/li><li><strong>Technical consulting and tariff classification<\/strong><br \/>Specialized assistance for efficient energy contracting and regulatory compliance.<\/li><li><strong>Construction and installation of transformer stations<\/strong><br \/>Complete execution of transformer stations, including configuration, commissioning, and equipment supply up to 132 kV.<\/li><li><strong>Construction of electrical substations<\/strong><br \/>Substations up to 132 kV, adapted to various configurations and power requirements.<\/li><li><strong>Technical support for energy projects<\/strong><br \/>Supervision, auditing, and energy efficiency support during project execution.<\/li><\/ul>\t\t\t\t\t\t\t\t<\/div>\n\t\t\t\t<\/div>\n\t\t\t\t\t<\/div>\n\t\t<\/div>\n\t\t\t\t\t<\/div>\n\t\t<\/section>\n\t\t\t\t<section class=\"elementor-section elementor-top-section elementor-element elementor-element-20698c8 elementor-section-boxed elementor-section-height-default elementor-section-height-default\" data-id=\"20698c8\" data-element_type=\"section\" id=\"mantenimiento\">\n\t\t\t\t\t\t<div class=\"elementor-container elementor-column-gap-default\">\n\t\t\t\t\t<div class=\"elementor-column elementor-col-100 elementor-top-column elementor-element elementor-element-66183b4\" data-id=\"66183b4\" data-element_type=\"column\">\n\t\t\t<div class=\"elementor-widget-wrap elementor-element-populated\">\n\t\t\t\t\t\t<div class=\"elementor-element elementor-element-00054d6 elementor-widget elementor-widget-heading\" data-id=\"00054d6\" data-element_type=\"widget\" data-widget_type=\"heading.default\">\n\t\t\t\t<div class=\"elementor-widget-container\">\n\t\t\t\t\t<h2 class=\"elementor-heading-title elementor-size-default\">Power line maintenance<\/h2>\t\t\t\t<\/div>\n\t\t\t\t<\/div>\n\t\t\t\t<div class=\"elementor-element elementor-element-5e48650 elementor-widget__width-initial elementor-widget-divider--view-line elementor-widget elementor-widget-divider\" data-id=\"5e48650\" data-element_type=\"widget\" data-widget_type=\"divider.default\">\n\t\t\t\t<div class=\"elementor-widget-container\">\n\t\t\t\t\t\t\t<div class=\"elementor-divider\">\n\t\t\t<span class=\"elementor-divider-separator\">\n\t\t\t\t\t\t<\/span>\n\t\t<\/div>\n\t\t\t\t\t\t<\/div>\n\t\t\t\t<\/div>\n\t\t\t\t<div class=\"elementor-element elementor-element-0b23369 elementor-widget elementor-widget-text-editor\" data-id=\"0b23369\" data-element_type=\"widget\" data-widget_type=\"text-editor.default\">\n\t\t\t\t<div class=\"elementor-widget-container\">\n\t\t\t\t\t\t\t\t\t<ul><li><strong>Cable and power line deployment<\/strong><br \/>Medium, low, and high voltage works, including civil tasks such as trenching, vaults, supports, and conduits.<\/li><li><strong>Assembly and installation of electrical networks<\/strong><br \/>Solutions for overhead, underground, rural, and urban lines, adapted to each environment.<\/li><li><strong>Maintenance and operation of electrical networks<\/strong><br \/>Services for operational transmission and distribution lines, carried out with specialized technical equipment.<\/li><\/ul>\t\t\t\t\t\t\t\t<\/div>\n\t\t\t\t<\/div>\n\t\t\t\t\t<\/div>\n\t\t<\/div>\n\t\t\t\t\t<\/div>\n\t\t<\/section>\n\t\t\t\t<section class=\"elementor-section elementor-top-section elementor-element elementor-element-45215af elementor-section-boxed elementor-section-height-default elementor-section-height-default\" data-id=\"45215af\" data-element_type=\"section\" id=\"infraestructura\">\n\t\t\t\t\t\t<div class=\"elementor-container elementor-column-gap-default\">\n\t\t\t\t\t<div class=\"elementor-column elementor-col-100 elementor-top-column elementor-element elementor-element-b5edb55\" data-id=\"b5edb55\" data-element_type=\"column\">\n\t\t\t<div class=\"elementor-widget-wrap elementor-element-populated\">\n\t\t\t\t\t\t<div class=\"elementor-element elementor-element-6d9f573 elementor-widget elementor-widget-heading\" data-id=\"6d9f573\" data-element_type=\"widget\" data-widget_type=\"heading.default\">\n\t\t\t\t<div class=\"elementor-widget-container\">\n\t\t\t\t\t<h2 class=\"elementor-heading-title elementor-size-default\">Urban and Electrical Infrastructure<\/h2>\t\t\t\t<\/div>\n\t\t\t\t<\/div>\n\t\t\t\t<div class=\"elementor-element elementor-element-1557819 elementor-widget__width-initial elementor-widget-divider--view-line elementor-widget elementor-widget-divider\" data-id=\"1557819\" data-element_type=\"widget\" data-widget_type=\"divider.default\">\n\t\t\t\t<div class=\"elementor-widget-container\">\n\t\t\t\t\t\t\t<div class=\"elementor-divider\">\n\t\t\t<span class=\"elementor-divider-separator\">\n\t\t\t\t\t\t<\/span>\n\t\t<\/div>\n\t\t\t\t\t\t<\/div>\n\t\t\t\t<\/div>\n\t\t\t\t<div class=\"elementor-element elementor-element-bd8de58 elementor-widget elementor-widget-text-editor\" data-id=\"bd8de58\" data-element_type=\"widget\" data-widget_type=\"text-editor.default\">\n\t\t\t\t<div class=\"elementor-widget-container\">\n\t\t\t\t\t\t\t\t\t<ul><li><strong>Complementary civil works<\/strong><br \/>Earthworks, trenching, foundation construction, access paths, and land urbanization.<\/li><li><strong>Electrification of neighborhoods, rural and industrial areas<\/strong><br \/>Comprehensive solutions for energy supply using modern and scalable technology.<\/li><li><strong>Urban interventions and public infrastructure<\/strong><br \/>Construction of networks for sewage, water, gas, and smart public lighting systems.<\/li><li><strong>Road lighting and public lighting works<\/strong><br \/>Projects that enhance urban environments through LED technology and remote management.<\/li><li><strong>Supply of Strategic Materials<\/strong><br \/>Provision of switchboards, transformers, smart meters, and luminaires for electrical works.<\/li><li><strong>Intervention at specific electrical points<\/strong><br \/>Residential connections, normalization of connection points, and field surveys.<\/li><\/ul>\t\t\t\t\t\t\t\t<\/div>\n\t\t\t\t<\/div>\n\t\t\t\t\t<\/div>\n\t\t<\/div>\n\t\t\t\t\t<\/div>\n\t\t<\/section>\n\t\t\t\t<section class=\"elementor-section elementor-top-section elementor-element elementor-element-8859d64 elementor-section-boxed elementor-section-height-default elementor-section-height-default\" data-id=\"8859d64\" data-element_type=\"section\">\n\t\t\t\t\t\t<div class=\"elementor-container elementor-column-gap-default\">\n\t\t\t\t\t<div class=\"elementor-column elementor-col-100 elementor-top-column elementor-element elementor-element-68860a3\" data-id=\"68860a3\" data-element_type=\"column\">\n\t\t\t<div class=\"elementor-widget-wrap elementor-element-populated\">\n\t\t\t\t\t\t<div class=\"elementor-element elementor-element-f92d2ef elementor-widget elementor-widget-video\" data-id=\"f92d2ef\" data-element_type=\"widget\" data-settings=\"{&quot;video_type&quot;:&quot;hosted&quot;,&quot;autoplay&quot;:&quot;yes&quot;,&quot;controls&quot;:&quot;yes&quot;}\" data-widget_type=\"video.default\">\n\t\t\t\t<div class=\"elementor-widget-container\">\n\t\t\t\t\t\t\t<div class=\"e-hosted-video elementor-wrapper elementor-open-inline\">\n\t\t\t\t\t<video class=\"elementor-video\" src=\"https:\/\/wwwtst.grupoconectar.com\/wp-content\/uploads\/2025\/08\/Secuencia-01_2.mp4\" autoplay=\"\" controls=\"\" controlslist=\"nodownload\"><\/video>\n\t\t\t\t<\/div>\n\t\t\t\t\t\t<\/div>\n\t\t\t\t<\/div>\n\t\t\t\t<div class=\"elementor-element elementor-element-21f7325 elementor-widget elementor-widget-text-editor\" data-id=\"21f7325\" data-element_type=\"widget\" data-widget_type=\"text-editor.default\">\n\t\t\t\t<div class=\"elementor-widget-container\">\n\t\t\t\t\t\t\t\t\t<p>Underground intervention due to a short circuit in an out-of-service area, including a survey and condition report of the poles using specialized equipment.<\/p>\t\t\t\t\t\t\t\t<\/div>\n\t\t\t\t<\/div>\n\t\t\t\t\t<\/div>\n\t\t<\/div>\n\t\t\t\t\t<\/div>\n\t\t<\/section>\n\t\t\t\t<section class=\"elementor-section elementor-top-section elementor-element elementor-element-af543fd elementor-section-boxed elementor-section-height-default elementor-section-height-default\" data-id=\"af543fd\" data-element_type=\"section\">\n\t\t\t\t\t\t<div class=\"elementor-container elementor-column-gap-default\">\n\t\t\t\t\t<div class=\"elementor-column elementor-col-100 elementor-top-column elementor-element elementor-element-72c6f37\" data-id=\"72c6f37\" data-element_type=\"column\">\n\t\t\t<div class=\"elementor-widget-wrap elementor-element-populated\">\n\t\t\t\t\t\t<div class=\"elementor-element elementor-element-695aa22 elementor-widget elementor-widget-html\" data-id=\"695aa22\" data-element_type=\"widget\" data-widget_type=\"html.default\">\n\t\t\t\t<div class=\"elementor-widget-container\">\n\t\t\t\t\t<style>\r\n  #obras,\r\n  #mantenimiento,\r\n  #infraestructura {\r\n    display: none;\r\n    scroll-margin-top: 120px; \/* Ajust\u00e1 este valor si tu header es m\u00e1s alto o m\u00e1s bajo *\/\r\n  }\r\n<\/style>\r\n\r\n<script>\r\n  function mostrarSeccionPorHash() {\r\n    const hash = window.location.hash;\r\n\r\n    \/\/ Oculta todas las secciones primero\r\n    document.querySelectorAll(\"#obras, #mantenimiento, #infraestructura\").forEach(el => {\r\n      el.style.display = \"none\";\r\n    });\r\n\r\n    \/\/ Si hay hash y existe la secci\u00f3n, la mostramos\r\n    if (hash) {\r\n      const seccion = document.querySelector(hash);\r\n      if (seccion) {\r\n        seccion.style.display = \"block\"; \/\/ O \"flex\" si us\u00e1s dise\u00f1o flex\r\n        seccion.scrollIntoView({ behavior: 'smooth' });\r\n      }\r\n    }\r\n  }\r\n\r\n  \/\/ Ejecutar al cargar\r\n  document.addEventListener(\"DOMContentLoaded\", mostrarSeccionPorHash);\r\n\r\n  \/\/ Ejecutar cada vez que cambia el hash\r\n  window.addEventListener(\"hashchange\", mostrarSeccionPorHash);\r\n<\/script>\r\n\t\t\t\t<\/div>\n\t\t\t\t<\/div>\n\t\t\t\t\t<\/div>\n\t\t<\/div>\n\t\t\t\t\t<\/div>\n\t\t<\/section>\n\t\t\t\t<\/div>","protected":false},"excerpt":{"rendered":"<p>Obras En Grupo Conectar nos especializamos en la realizaci\u00f3n de proyectos electromec\u00e1nicos, industriales y civiles, tanto en el \u00e1mbito p\u00fablico como privado. Ejecutamos obras que fortalecen la infraestructura energ\u00e9tica del<span class=\"more-dots\">&#8230;<\/span><\/p>","protected":false},"author":8,"featured_media":0,"parent":0,"menu_order":0,"comment_status":"closed","ping_status":"closed","template":"","meta":{"footnotes":""},"class_list":["post-5355","page","type-page","status-publish","hentry","no-post-thumbnail"],"_links":{"self":[{"href":"https:\/\/wwwtst.grupoconectar.com\/en\/wp-json\/wp\/v2\/pages\/5355","targetHints":{"allow":["GET"]}}],"collection":[{"href":"https:\/\/wwwtst.grupoconectar.com\/en\/wp-json\/wp\/v2\/pages"}],"about":[{"href":"https:\/\/wwwtst.grupoconectar.com\/en\/wp-json\/wp\/v2\/types\/page"}],"author":[{"embeddable":true,"href":"https:\/\/wwwtst.grupoconectar.com\/en\/wp-json\/wp\/v2\/users\/8"}],"replies":[{"embeddable":true,"href":"https:\/\/wwwtst.grupoconectar.com\/en\/wp-json\/wp\/v2\/comments?post=5355"}],"version-history":[{"count":140,"href":"https:\/\/wwwtst.grupoconectar.com\/en\/wp-json\/wp\/v2\/pages\/5355\/revisions"}],"predecessor-version":[{"id":5667,"href":"https:\/\/wwwtst.grupoconectar.com\/en\/wp-json\/wp\/v2\/pages\/5355\/revisions\/5667"}],"wp:attachment":[{"href":"https:\/\/wwwtst.grupoconectar.com\/en\/wp-json\/wp\/v2\/media?parent=5355"}],"curies":[{"name":"wp","href":"https:\/\/api.w.org\/{rel}","templated":true}]}}